{"id":10,"date":"2023-11-30T21:20:08","date_gmt":"2023-11-30T20:20:08","guid":{"rendered":"https:\/\/wp.interactioncr.com\/emergencia\/?page_id=10"},"modified":"2024-01-17T09:33:29","modified_gmt":"2024-01-17T15:33:29","slug":"inicio","status":"publish","type":"page","link":"https:\/\/healthnetcr.com\/es\/","title":{"rendered":"Inicio"},"content":{"rendered":"\t\t<div data-elementor-type=\"wp-page\" data-elementor-id=\"10\" class=\"elementor elementor-10\">\n\t\t\t\t<div class=\"elementor-element elementor-element-c0a441a e-con-full e-flex e-con e-parent\" data-id=\"c0a441a\" data-element_type=\"container\" data-settings=\"{&quot;background_background&quot;:&quot;classic&quot;}\">\n\t\t\t\t<div class=\"elementor-element elementor-element-8dd70e0 elementor-widget elementor-widget-image\" data-id=\"8dd70e0\" data-element_type=\"widget\" data-widget_type=\"image.default\">\n\t\t\t\t<div class=\"elementor-widget-container\">\n\t\t\t\t\t\t\t\t\t\t\t\t\t\t\t\t<a href=\"tel:2211-4422\">\n\t\t\t\t\t\t\t<img fetchpriority=\"high\" decoding=\"async\" width=\"824\" height=\"793\" src=\"https:\/\/healthnetcr.com\/wp-content\/uploads\/2023\/12\/call-to-action-4.png\" class=\"attachment-full size-full wp-image-346\" alt=\"\" srcset=\"https:\/\/healthnetcr.com\/wp-content\/uploads\/2023\/12\/call-to-action-4.png 824w, https:\/\/healthnetcr.com\/wp-content\/uploads\/2023\/12\/call-to-action-4-300x289.png 300w, https:\/\/healthnetcr.com\/wp-content\/uploads\/2023\/12\/call-to-action-4-768x739.png 768w\" sizes=\"(max-width: 824px) 100vw, 824px\" \/>\t\t\t\t\t\t\t\t<\/a>\n\t\t\t\t\t\t\t\t\t\t\t\t\t\t\t<\/div>\n\t\t\t\t<\/div>\n\t\t\t\t<\/div>\n\t\t<div class=\"elementor-element elementor-element-8a6f32d e-flex e-con-boxed e-con e-parent\" data-id=\"8a6f32d\" data-element_type=\"container\" data-settings=\"{&quot;background_background&quot;:&quot;classic&quot;}\">\n\t\t\t\t\t<div class=\"e-con-inner\">\n\t\t<div class=\"elementor-element elementor-element-7461a32 e-flex e-con-boxed e-con e-child\" data-id=\"7461a32\" data-element_type=\"container\">\n\t\t\t\t\t<div class=\"e-con-inner\">\n\t\t\t\t<div class=\"elementor-element elementor-element-66bd7cb elementor-widget elementor-widget-image\" data-id=\"66bd7cb\" data-element_type=\"widget\" data-widget_type=\"image.default\">\n\t\t\t\t<div class=\"elementor-widget-container\">\n\t\t\t\t\t\t\t\t\t\t\t\t\t\t\t<img decoding=\"async\" width=\"1020\" height=\"667\" src=\"https:\/\/healthnetcr.com\/wp-content\/uploads\/2023\/11\/healthnet-logo.png\" class=\"attachment-full size-full wp-image-82\" alt=\"\" srcset=\"https:\/\/healthnetcr.com\/wp-content\/uploads\/2023\/11\/healthnet-logo.png 1020w, https:\/\/healthnetcr.com\/wp-content\/uploads\/2023\/11\/healthnet-logo-300x196.png 300w, https:\/\/healthnetcr.com\/wp-content\/uploads\/2023\/11\/healthnet-logo-768x502.png 768w\" sizes=\"(max-width: 1020px) 100vw, 1020px\" \/>\t\t\t\t\t\t\t\t\t\t\t\t\t\t\t<\/div>\n\t\t\t\t<\/div>\n\t\t\t\t\t<\/div>\n\t\t\t\t<\/div>\n\t\t<div class=\"elementor-element elementor-element-66bd860 e-flex e-con-boxed e-con e-child\" data-id=\"66bd860\" data-element_type=\"container\">\n\t\t\t\t\t<div class=\"e-con-inner\">\n\t\t\t\t<div class=\"elementor-element elementor-element-dbbbee2 elementor-widget elementor-widget-heading\" data-id=\"dbbbee2\" data-element_type=\"widget\" data-widget_type=\"heading.default\">\n\t\t\t\t<div class=\"elementor-widget-container\">\n\t\t\t\t\t<h2 class=\"elementor-heading-title elementor-size-default\">\u00bfQui\u00e9nes somos?<\/h2>\t\t\t\t<\/div>\n\t\t\t\t<\/div>\n\t\t\t\t<div class=\"elementor-element elementor-element-f43d841 elementor-widget__width-initial elementor-widget elementor-widget-text-editor\" data-id=\"f43d841\" data-element_type=\"widget\" data-widget_type=\"text-editor.default\">\n\t\t\t\t<div class=\"elementor-widget-container\">\n\t\t\t\t\t\t\t\t\t<p><strong class=\"red_color\">Si tiene una emergencia m\u00e9dica \u00a1Ll\u00e1menos!<\/strong><br \/>Somos la plataforma que le ayudar\u00e1 a encontrar el centro m\u00e9dico m\u00e1s cercano para su atenci\u00f3n de urgencias.<\/p><p>En nuestra red encontrar\u00e1 los centros m\u00e9dicos m\u00e1s cercanos, donde podr\u00e1 atenderse en todo el pa\u00eds.<\/p>\t\t\t\t\t\t\t\t<\/div>\n\t\t\t\t<\/div>\n\t\t\t\t<div class=\"elementor-element elementor-element-f2a6ae5 elementor-widget elementor-widget-image\" data-id=\"f2a6ae5\" data-element_type=\"widget\" data-widget_type=\"image.default\">\n\t\t\t\t<div class=\"elementor-widget-container\">\n\t\t\t\t\t\t\t\t\t\t\t\t\t\t\t\t<a href=\"tel:2211-4422\">\n\t\t\t\t\t\t\t<img decoding=\"async\" width=\"827\" height=\"172\" src=\"https:\/\/healthnetcr.com\/wp-content\/uploads\/2023\/12\/call-action-phone-healthnet.png\" class=\"attachment-large size-large wp-image-356\" alt=\"\" srcset=\"https:\/\/healthnetcr.com\/wp-content\/uploads\/2023\/12\/call-action-phone-healthnet.png 827w, https:\/\/healthnetcr.com\/wp-content\/uploads\/2023\/12\/call-action-phone-healthnet-300x62.png 300w, https:\/\/healthnetcr.com\/wp-content\/uploads\/2023\/12\/call-action-phone-healthnet-768x160.png 768w\" sizes=\"(max-width: 827px) 100vw, 827px\" \/>\t\t\t\t\t\t\t\t<\/a>\n\t\t\t\t\t\t\t\t\t\t\t\t\t\t\t<\/div>\n\t\t\t\t<\/div>\n\t\t\t\t\t<\/div>\n\t\t\t\t<\/div>\n\t\t\t\t\t<\/div>\n\t\t\t\t<\/div>\n\t\t<div class=\"elementor-element elementor-element-a2c14c0 e-flex e-con-boxed e-con e-parent\" data-id=\"a2c14c0\" data-element_type=\"container\" id=\"red_medica\" data-settings=\"{&quot;background_background&quot;:&quot;classic&quot;}\">\n\t\t\t\t\t<div class=\"e-con-inner\">\n\t\t\t\t<div class=\"elementor-element elementor-element-ef6f4bb elementor-widget elementor-widget-image\" data-id=\"ef6f4bb\" data-element_type=\"widget\" data-widget_type=\"image.default\">\n\t\t\t\t<div class=\"elementor-widget-container\">\n\t\t\t\t\t\t\t\t\t\t\t\t\t\t\t<img loading=\"lazy\" decoding=\"async\" width=\"516\" height=\"132\" src=\"https:\/\/healthnetcr.com\/wp-content\/uploads\/2023\/12\/nuestra-red.png\" class=\"attachment-large size-large wp-image-379\" alt=\"\" srcset=\"https:\/\/healthnetcr.com\/wp-content\/uploads\/2023\/12\/nuestra-red.png 516w, https:\/\/healthnetcr.com\/wp-content\/uploads\/2023\/12\/nuestra-red-300x77.png 300w\" sizes=\"(max-width: 516px) 100vw, 516px\" \/>\t\t\t\t\t\t\t\t\t\t\t\t\t\t\t<\/div>\n\t\t\t\t<\/div>\n\t\t\t\t<div class=\"elementor-element elementor-element-8e8f699 elementor-widget elementor-widget-text-editor\" data-id=\"8e8f699\" data-element_type=\"widget\" data-widget_type=\"text-editor.default\">\n\t\t\t\t<div class=\"elementor-widget-container\">\n\t\t\t\t\t\t\t\t\tEncuentre la red de nuestros centros m\u00e9dicos a nivel nacional. \t\t\t\t\t\t\t\t<\/div>\n\t\t\t\t<\/div>\n\t\t<div class=\"elementor-element elementor-element-b0f6bd4 e-flex e-con-boxed e-con e-child\" data-id=\"b0f6bd4\" data-element_type=\"container\" data-settings=\"{&quot;background_background&quot;:&quot;classic&quot;}\">\n\t\t\t\t\t<div class=\"e-con-inner\">\n\t\t<div class=\"elementor-element elementor-element-86ccd48 e-flex e-con-boxed e-con e-child\" data-id=\"86ccd48\" data-element_type=\"container\" data-settings=\"{&quot;background_background&quot;:&quot;classic&quot;}\">\n\t\t\t\t\t<div class=\"e-con-inner\">\n\t\t\t\t<div class=\"elementor-element elementor-element-1f8a5ae elementor-widget elementor-widget-text-editor\" data-id=\"1f8a5ae\" data-element_type=\"widget\" data-widget_type=\"text-editor.default\">\n\t\t\t\t<div class=\"elementor-widget-container\">\n\t\t\t\t\t\t\t\t\t<ul class=\"list_sucursales\"><li><strong>Medired<\/strong> Quepos<\/li><li><strong>Medired<\/strong> Playa Uvita<\/li><li><strong>Medired<\/strong> Playa Esterillos<\/li><li><strong>Medired<\/strong> Playas del Coco<\/li><li><strong>Medired<\/strong> Hacienda Pinilla<\/li><li><strong>Medired<\/strong> Playa Hermosa Guanacaste<\/li><li><strong>Hospital Metropolitano<\/strong> San Jos\u00e9<\/li><li><strong>Hospital Metropolitano<\/strong> Lindora<\/li><li><strong>Hospital Metropolitano<\/strong> Lincoln Plaza<\/li><li><strong>Hospital Metropolitano<\/strong> Plaza del Sol<\/li><li><strong>Hospital Metropolitano<\/strong> Quepos<\/li><li><strong>Hospital Metropolitano<\/strong> Huacas<\/li><li><strong>Hospital Metropolitano<\/strong> San Carlos<\/li><li><strong>Hospital Metropolitano<\/strong> Liberia<\/li><li><strong>Centro Medico Sanar <\/strong><strong>Fortuna de San Carlos<\/strong><\/li><li><strong>Lifeguard Playa Carmen<\/strong>, Puntarenas<\/li><li><strong>Lifeguard Santa Teresa<\/strong>, Puntarenas<\/li><li><strong>Lifeguard Monteverde<\/strong>, Puntarenas<\/li><li><strong>Lifeguard Nosara<\/strong>, Guanacaste<\/li><li><strong>Lifeguard C\u00f3bano<\/strong>, Puntarenas<\/li><li><strong>Cl\u00ednica San Gabriel<\/strong>, Puerto Viejo, Lim\u00f3n<\/li><\/ul>\t\t\t\t\t\t\t\t<\/div>\n\t\t\t\t<\/div>\n\t\t\t\t\t<\/div>\n\t\t\t\t<\/div>\n\t\t<div class=\"elementor-element elementor-element-4ee9e2a e-flex e-con-boxed e-con e-child\" data-id=\"4ee9e2a\" data-element_type=\"container\">\n\t\t\t\t\t<div class=\"e-con-inner\">\n\t\t\t\t<div class=\"elementor-element elementor-element-68e4b39 elementor-widget elementor-widget-image\" data-id=\"68e4b39\" data-element_type=\"widget\" data-widget_type=\"image.default\">\n\t\t\t\t<div class=\"elementor-widget-container\">\n\t\t\t\t\t\t\t\t\t\t\t\t\t\t\t<img loading=\"lazy\" decoding=\"async\" width=\"946\" height=\"899\" src=\"https:\/\/healthnetcr.com\/wp-content\/uploads\/2024\/01\/mapa-healnet-.png\" class=\"attachment-large size-large wp-image-547\" alt=\"\" srcset=\"https:\/\/healthnetcr.com\/wp-content\/uploads\/2024\/01\/mapa-healnet-.png 946w, https:\/\/healthnetcr.com\/wp-content\/uploads\/2024\/01\/mapa-healnet--300x285.png 300w, https:\/\/healthnetcr.com\/wp-content\/uploads\/2024\/01\/mapa-healnet--768x730.png 768w\" sizes=\"(max-width: 946px) 100vw, 946px\" \/>\t\t\t\t\t\t\t\t\t\t\t\t\t\t\t<\/div>\n\t\t\t\t<\/div>\n\t\t\t\t\t<\/div>\n\t\t\t\t<\/div>\n\t\t\t\t\t<\/div>\n\t\t\t\t<\/div>\n\t\t\t\t<div class=\"elementor-element elementor-element-56ab212 elementor-widget elementor-widget-image\" data-id=\"56ab212\" data-element_type=\"widget\" data-widget_type=\"image.default\">\n\t\t\t\t<div class=\"elementor-widget-container\">\n\t\t\t\t\t\t\t\t\t\t\t\t\t\t\t<img loading=\"lazy\" decoding=\"async\" width=\"1024\" height=\"68\" src=\"https:\/\/healthnetcr.com\/wp-content\/uploads\/2024\/01\/medired-logo-new-2-1024x68.png\" class=\"attachment-large size-large wp-image-528\" alt=\"\" srcset=\"https:\/\/healthnetcr.com\/wp-content\/uploads\/2024\/01\/medired-logo-new-2-1024x68.png 1024w, https:\/\/healthnetcr.com\/wp-content\/uploads\/2024\/01\/medired-logo-new-2-300x20.png 300w, https:\/\/healthnetcr.com\/wp-content\/uploads\/2024\/01\/medired-logo-new-2-768x51.png 768w, https:\/\/healthnetcr.com\/wp-content\/uploads\/2024\/01\/medired-logo-new-2-1536x102.png 1536w, https:\/\/healthnetcr.com\/wp-content\/uploads\/2024\/01\/medired-logo-new-2.png 1616w\" sizes=\"(max-width: 1024px) 100vw, 1024px\" \/>\t\t\t\t\t\t\t\t\t\t\t\t\t\t\t<\/div>\n\t\t\t\t<\/div>\n\t\t\t\t\t<\/div>\n\t\t\t\t<\/div>\n\t\t<div class=\"elementor-element elementor-element-4bd3bbf e-con-full e-flex e-con e-parent\" data-id=\"4bd3bbf\" data-element_type=\"container\" data-settings=\"{&quot;background_background&quot;:&quot;classic&quot;}\">\n\t\t<div class=\"elementor-element elementor-element-49a792f e-con-full e-flex e-con e-child\" data-id=\"49a792f\" data-element_type=\"container\">\n\t\t\t\t<div class=\"elementor-element elementor-element-647afde elementor-widget elementor-widget-image\" data-id=\"647afde\" data-element_type=\"widget\" data-widget_type=\"image.default\">\n\t\t\t\t<div class=\"elementor-widget-container\">\n\t\t\t\t\t\t\t\t\t\t\t\t\t\t\t<img loading=\"lazy\" decoding=\"async\" width=\"723\" height=\"149\" src=\"https:\/\/healthnetcr.com\/wp-content\/uploads\/2023\/12\/contact-us.png\" class=\"attachment-large size-large wp-image-367\" alt=\"\" srcset=\"https:\/\/healthnetcr.com\/wp-content\/uploads\/2023\/12\/contact-us.png 723w, https:\/\/healthnetcr.com\/wp-content\/uploads\/2023\/12\/contact-us-300x62.png 300w\" sizes=\"(max-width: 723px) 100vw, 723px\" \/>\t\t\t\t\t\t\t\t\t\t\t\t\t\t\t<\/div>\n\t\t\t\t<\/div>\n\t\t\t\t<div class=\"elementor-element elementor-element-9d9b8d8 elementor-position-left underline_none elementor-vertical-align-middle elementor-widget elementor-widget-image-box\" data-id=\"9d9b8d8\" data-element_type=\"widget\" data-widget_type=\"image-box.default\">\n\t\t\t\t<div class=\"elementor-widget-container\">\n\t\t\t\t\t<div class=\"elementor-image-box-wrapper\"><figure class=\"elementor-image-box-img\"><a href=\"tel:2211-4422\" tabindex=\"-1\"><img loading=\"lazy\" decoding=\"async\" width=\"158\" height=\"158\" src=\"https:\/\/healthnetcr.com\/wp-content\/uploads\/2023\/12\/call-action-icon-red.png\" class=\"attachment-full size-full wp-image-369\" alt=\"\" srcset=\"https:\/\/healthnetcr.com\/wp-content\/uploads\/2023\/12\/call-action-icon-red.png 158w, https:\/\/healthnetcr.com\/wp-content\/uploads\/2023\/12\/call-action-icon-red-150x150.png 150w\" sizes=\"(max-width: 158px) 100vw, 158px\" \/><\/a><\/figure><div class=\"elementor-image-box-content\"><h3 class=\"elementor-image-box-title\"><a href=\"tel:2211-4422\">Ll\u00e1menos<br>2211-4422<\/a><\/h3><\/div><\/div>\t\t\t\t<\/div>\n\t\t\t\t<\/div>\n\t\t\t\t<div class=\"elementor-element elementor-element-83ad2ef elementor-position-left underline_none elementor-vertical-align-middle elementor-widget elementor-widget-image-box\" data-id=\"83ad2ef\" data-element_type=\"widget\" data-widget_type=\"image-box.default\">\n\t\t\t\t<div class=\"elementor-widget-container\">\n\t\t\t\t\t<div class=\"elementor-image-box-wrapper\"><figure class=\"elementor-image-box-img\"><a href=\"mailto:info@healthnetcr.com\" tabindex=\"-1\"><img loading=\"lazy\" decoding=\"async\" width=\"158\" height=\"158\" src=\"https:\/\/healthnetcr.com\/wp-content\/uploads\/2023\/12\/email-action-icon-red.png\" class=\"attachment-full size-full wp-image-370\" alt=\"\" srcset=\"https:\/\/healthnetcr.com\/wp-content\/uploads\/2023\/12\/email-action-icon-red.png 158w, https:\/\/healthnetcr.com\/wp-content\/uploads\/2023\/12\/email-action-icon-red-150x150.png 150w\" sizes=\"(max-width: 158px) 100vw, 158px\" \/><\/a><\/figure><div class=\"elementor-image-box-content\"><h3 class=\"elementor-image-box-title\"><a href=\"mailto:info@healthnetcr.com\">Escr\u00edbanos<br>info@healthnetcr.com<\/a><\/h3><\/div><\/div>\t\t\t\t<\/div>\n\t\t\t\t<\/div>\n\t\t\t\t<\/div>\n\t\t\t\t<\/div>\n\t\t<div class=\"elementor-element elementor-element-b3689bc e-flex e-con-boxed e-con e-parent\" data-id=\"b3689bc\" data-element_type=\"container\" data-settings=\"{&quot;background_background&quot;:&quot;classic&quot;}\">\n\t\t\t\t\t<div class=\"e-con-inner\">\n\t\t\t\t<div class=\"elementor-element elementor-element-3260dc2 elementor-widget elementor-widget-image\" data-id=\"3260dc2\" data-element_type=\"widget\" data-widget_type=\"image.default\">\n\t\t\t\t<div class=\"elementor-widget-container\">\n\t\t\t\t\t\t\t\t\t\t\t\t\t\t\t<img loading=\"lazy\" decoding=\"async\" width=\"549\" height=\"143\" src=\"https:\/\/healthnetcr.com\/wp-content\/uploads\/2023\/11\/healthnet-logo-white-199x52.png\" class=\"attachment-large size-large wp-image-197\" alt=\"\" srcset=\"https:\/\/healthnetcr.com\/wp-content\/uploads\/2023\/11\/healthnet-logo-white.png 549w, https:\/\/healthnetcr.com\/wp-content\/uploads\/2023\/11\/healthnet-logo-white-300x78.png 300w, https:\/\/healthnetcr.com\/wp-content\/uploads\/2023\/11\/healthnet-logo-white-199x52.png 199w\" sizes=\"(max-width: 549px) 100vw, 549px\" \/>\t\t\t\t\t\t\t\t\t\t\t\t\t\t\t<\/div>\n\t\t\t\t<\/div>\n\t\t\t\t<div class=\"elementor-element elementor-element-221f348 elementor-widget elementor-widget-text-editor\" data-id=\"221f348\" data-element_type=\"widget\" data-widget_type=\"text-editor.default\">\n\t\t\t\t<div class=\"elementor-widget-container\">\n\t\t\t\t\t\t\t\t\tComplete el siguiente formulario para ponernos en contacto\t\t\t\t\t\t\t\t<\/div>\n\t\t\t\t<\/div>\n\t\t<div class=\"elementor-element elementor-element-d660ddb e-flex e-con-boxed e-con e-child\" data-id=\"d660ddb\" data-element_type=\"container\" data-settings=\"{&quot;background_background&quot;:&quot;classic&quot;}\">\n\t\t\t\t\t<div class=\"e-con-inner\">\n\t\t\t\t<div class=\"elementor-element elementor-element-4f47e73 elementor-widget elementor-widget-text-editor\" data-id=\"4f47e73\" data-element_type=\"widget\" data-widget_type=\"text-editor.default\">\n\t\t\t\t<div class=\"elementor-widget-container\">\n\t\t\t\t\t\t\t\t\t\n<div class=\"wpcf7 no-js\" id=\"wpcf7-f7-o1\" lang=\"es-ES\" dir=\"ltr\" data-wpcf7-id=\"7\">\n<div class=\"screen-reader-response\"><p role=\"status\" aria-live=\"polite\" aria-atomic=\"true\"><\/p> <ul><\/ul><\/div>\n<form action=\"\/es\/wp-json\/wp\/v2\/pages\/10#wpcf7-f7-o1\" method=\"post\" class=\"wpcf7-form init\" aria-label=\"Formulario de contacto\" novalidate=\"novalidate\" data-status=\"init\">\n<fieldset class=\"hidden-fields-container\"><input type=\"hidden\" name=\"_wpcf7\" value=\"7\" \/><input type=\"hidden\" name=\"_wpcf7_version\" value=\"6.1.3\" \/><input type=\"hidden\" name=\"_wpcf7_locale\" value=\"es_ES\" \/><input type=\"hidden\" name=\"_wpcf7_unit_tag\" value=\"wpcf7-f7-o1\" \/><input type=\"hidden\" name=\"_wpcf7_container_post\" value=\"0\" \/><input type=\"hidden\" name=\"_wpcf7_posted_data_hash\" value=\"\" \/><input type=\"hidden\" name=\"_wpcf7_recaptcha_response\" value=\"\" \/>\n<\/fieldset>\n<div class=\"form_contacto\">\n\t<div>\n\t\t<p><span class=\"wpcf7-form-control-wrap\" data-name=\"nombreCompleto\"><input size=\"40\" maxlength=\"400\" class=\"wpcf7-form-control wpcf7-text form_fontrol\" aria-invalid=\"false\" placeholder=\"Nombre\" value=\"\" type=\"text\" name=\"nombreCompleto\" \/><\/span>\n\t\t<\/p>\n\t<\/div>\n\t<div>\n\t\t<p><span class=\"wpcf7-form-control-wrap\" data-name=\"telefono\"><input size=\"40\" maxlength=\"400\" class=\"wpcf7-form-control wpcf7-text form_fontrol\" aria-invalid=\"false\" placeholder=\"Tel\u00e9fono\" value=\"\" type=\"text\" name=\"telefono\" \/><\/span>\n\t\t<\/p>\n\t<\/div>\n\t<div>\n\t\t<p><span class=\"wpcf7-form-control-wrap\" data-name=\"correoElectronico\"><input size=\"40\" maxlength=\"400\" class=\"wpcf7-form-control wpcf7-text form_fontrol\" aria-invalid=\"false\" placeholder=\"Correo electr\u00f3nico\" value=\"\" type=\"text\" name=\"correoElectronico\" \/><\/span>\n\t\t<\/p>\n\t<\/div>\n\t<div>\n\t\t<p><span class=\"wpcf7-form-control-wrap\" data-name=\"asunto\"><input size=\"40\" maxlength=\"400\" class=\"wpcf7-form-control wpcf7-text form_fontrol\" aria-invalid=\"false\" placeholder=\"Asunto\" value=\"\" type=\"text\" name=\"asunto\" \/><\/span>\n\t\t<\/p>\n\t<\/div>\n\t<div>\n\t\t<p><span class=\"wpcf7-form-control-wrap\" data-name=\"mensaje\"><textarea cols=\"40\" rows=\"2\" maxlength=\"2000\" class=\"wpcf7-form-control wpcf7-textarea form_fontrol\" aria-invalid=\"false\" placeholder=\"Mensaje\" name=\"mensaje\"><\/textarea><\/span>\n\t\t<\/p>\n\t<\/div>\n\t<p><input class=\"wpcf7-form-control wpcf7-submit has-spinner btn_send\" type=\"submit\" value=\"Enviar\" \/>\n\t<\/p>\n<\/div><div class=\"wpcf7-response-output\" aria-hidden=\"true\"><\/div>\n<\/form>\n<\/div>\n\t\t\t\t\t\t\t\t<\/div>\n\t\t\t\t<\/div>\n\t\t\t\t\t<\/div>\n\t\t\t\t<\/div>\n\t\t<div class=\"elementor-element elementor-element-429086c e-flex e-con-boxed e-con e-child\" data-id=\"429086c\" data-element_type=\"container\">\n\t\t\t\t\t<div class=\"e-con-inner\">\n\t\t\t\t<div class=\"elementor-element elementor-element-8e5c7f6 elementor-widget elementor-widget-text-editor\" data-id=\"8e5c7f6\" data-element_type=\"widget\" data-widget_type=\"text-editor.default\">\n\t\t\t\t<div class=\"elementor-widget-container\">\n\t\t\t\t\t\t\t\t\tSeguinos\t\t\t\t\t\t\t\t<\/div>\n\t\t\t\t<\/div>\n\t\t\t\t<div class=\"elementor-element elementor-element-e812f66 elementor-shape-rounded elementor-grid-0 e-grid-align-center elementor-widget elementor-widget-social-icons\" data-id=\"e812f66\" data-element_type=\"widget\" data-widget_type=\"social-icons.default\">\n\t\t\t\t<div class=\"elementor-widget-container\">\n\t\t\t\t\t\t\t<div class=\"elementor-social-icons-wrapper elementor-grid\" role=\"list\">\n\t\t\t\t\t\t\t<span class=\"elementor-grid-item\" role=\"listitem\">\n\t\t\t\t\t<a class=\"elementor-icon elementor-social-icon elementor-social-icon-facebook elementor-repeater-item-b4ab949\" target=\"_blank\">\n\t\t\t\t\t\t<span class=\"elementor-screen-only\">Facebook<\/span>\n\t\t\t\t\t\t<svg aria-hidden=\"true\" class=\"e-font-icon-svg e-fab-facebook\" viewBox=\"0 0 512 512\" xmlns=\"http:\/\/www.w3.org\/2000\/svg\"><path d=\"M504 256C504 119 393 8 256 8S8 119 8 256c0 123.78 90.69 226.38 209.25 245V327.69h-63V256h63v-54.64c0-62.15 37-96.48 93.67-96.48 27.14 0 55.52 4.84 55.52 4.84v61h-31.28c-30.8 0-40.41 19.12-40.41 38.73V256h68.78l-11 71.69h-57.78V501C413.31 482.38 504 379.78 504 256z\"><\/path><\/svg>\t\t\t\t\t<\/a>\n\t\t\t\t<\/span>\n\t\t\t\t\t\t\t<span class=\"elementor-grid-item\" role=\"listitem\">\n\t\t\t\t\t<a class=\"elementor-icon elementor-social-icon elementor-social-icon-instagram elementor-repeater-item-8a41e06\" target=\"_blank\">\n\t\t\t\t\t\t<span class=\"elementor-screen-only\">Instagram<\/span>\n\t\t\t\t\t\t<svg aria-hidden=\"true\" class=\"e-font-icon-svg e-fab-instagram\" viewBox=\"0 0 448 512\" xmlns=\"http:\/\/www.w3.org\/2000\/svg\"><path d=\"M224.1 141c-63.6 0-114.9 51.3-114.9 114.9s51.3 114.9 114.9 114.9S339 319.5 339 255.9 287.7 141 224.1 141zm0 189.6c-41.1 0-74.7-33.5-74.7-74.7s33.5-74.7 74.7-74.7 74.7 33.5 74.7 74.7-33.6 74.7-74.7 74.7zm146.4-194.3c0 14.9-12 26.8-26.8 26.8-14.9 0-26.8-12-26.8-26.8s12-26.8 26.8-26.8 26.8 12 26.8 26.8zm76.1 27.2c-1.7-35.9-9.9-67.7-36.2-93.9-26.2-26.2-58-34.4-93.9-36.2-37-2.1-147.9-2.1-184.9 0-35.8 1.7-67.6 9.9-93.9 36.1s-34.4 58-36.2 93.9c-2.1 37-2.1 147.9 0 184.9 1.7 35.9 9.9 67.7 36.2 93.9s58 34.4 93.9 36.2c37 2.1 147.9 2.1 184.9 0 35.9-1.7 67.7-9.9 93.9-36.2 26.2-26.2 34.4-58 36.2-93.9 2.1-37 2.1-147.8 0-184.8zM398.8 388c-7.8 19.6-22.9 34.7-42.6 42.6-29.5 11.7-99.5 9-132.1 9s-102.7 2.6-132.1-9c-19.6-7.8-34.7-22.9-42.6-42.6-11.7-29.5-9-99.5-9-132.1s-2.6-102.7 9-132.1c7.8-19.6 22.9-34.7 42.6-42.6 29.5-11.7 99.5-9 132.1-9s102.7-2.6 132.1 9c19.6 7.8 34.7 22.9 42.6 42.6 11.7 29.5 9 99.5 9 132.1s2.7 102.7-9 132.1z\"><\/path><\/svg>\t\t\t\t\t<\/a>\n\t\t\t\t<\/span>\n\t\t\t\t\t<\/div>\n\t\t\t\t\t\t<\/div>\n\t\t\t\t<\/div>\n\t\t\t\t\t<\/div>\n\t\t\t\t<\/div>\n\t\t\t\t\t<\/div>\n\t\t\t\t<\/div>\n\t\t\t\t<\/div>\n\t\t","protected":false},"excerpt":{"rendered":"<p>\u00bfQui\u00e9nes somos? Si tiene una emergencia m\u00e9dica \u00a1Ll\u00e1menos!Somos la plataforma que le ayudar\u00e1 a encontrar el centro m\u00e9dico m\u00e1s cercano para su atenci\u00f3n de urgencias. En nuestra red encontrar\u00e1 los centros m\u00e9dicos m\u00e1s cercanos, donde podr\u00e1 atenderse en todo el pa\u00eds. Encuentre la red de nuestros centros m\u00e9dicos a nivel nacional. Medired Quepos Medired Playa [&hellip;]<\/p>\n","protected":false},"author":4,"featured_media":0,"parent":0,"menu_order":0,"comment_status":"closed","ping_status":"closed","template":"","meta":{"site-sidebar-layout":"no-sidebar","site-content-layout":"","ast-site-content-layout":"full-width-container","site-content-style":"default","site-sidebar-style":"default","ast-global-header-display":"","ast-banner-title-visibility":"","ast-main-header-display":"","ast-hfb-above-header-display":"","ast-hfb-below-header-display":"","ast-hfb-mobile-header-display":"","site-post-title":"disabled","ast-breadcrumbs-content":"","ast-featured-img":"disabled","footer-sml-layout":"","theme-transparent-header-meta":"enabled","adv-header-id-meta":"","stick-header-meta":"","header-above-stick-meta":"","header-main-stick-meta":"","header-below-stick-meta":"","astra-migrate-meta-layouts":"","ast-page-background-enabled":"default","ast-page-background-meta":{"desktop":{"background-color":"var(--ast-global-color-4)","background-image":"","background-repeat":"repeat","background-position":"center center","background-size":"auto","background-attachment":"scroll","background-type":"","background-media":"","overlay-type":"","overlay-color":"","overlay-opacity":"","overlay-gradient":""},"tablet":{"background-color":"","background-image":"","background-repeat":"repeat","background-position":"center center","background-size":"auto","background-attachment":"scroll","background-type":"","background-media":"","overlay-type":"","overlay-color":"","overlay-opacity":"","overlay-gradient":""},"mobile":{"background-color":"","background-image":"","background-repeat":"repeat","background-position":"center center","background-size":"auto","background-attachment":"scroll","background-type":"","background-media":"","overlay-type":"","overlay-color":"","overlay-opacity":"","overlay-gradient":""}},"ast-content-background-meta":{"desktop":{"background-color":"var(--ast-global-color-5)","background-image":"","background-repeat":"repeat","background-position":"center center","background-size":"auto","background-attachment":"scroll","background-type":"","background-media":"","overlay-type":"","overlay-color":"","overlay-opacity":"","overlay-gradient":""},"tablet":{"background-color":"var(--ast-global-color-5)","background-image":"","background-repeat":"repeat","background-position":"center center","background-size":"auto","background-attachment":"scroll","background-type":"","background-media":"","overlay-type":"","overlay-color":"","overlay-opacity":"","overlay-gradient":""},"mobile":{"background-color":"var(--ast-global-color-5)","background-image":"","background-repeat":"repeat","background-position":"center center","background-size":"auto","background-attachment":"scroll","background-type":"","background-media":"","overlay-type":"","overlay-color":"","overlay-opacity":"","overlay-gradient":""}},"footnotes":""},"class_list":["post-10","page","type-page","status-publish","hentry"],"aioseo_notices":[],"_links":{"self":[{"href":"https:\/\/healthnetcr.com\/es\/wp-json\/wp\/v2\/pages\/10","targetHints":{"allow":["GET"]}}],"collection":[{"href":"https:\/\/healthnetcr.com\/es\/wp-json\/wp\/v2\/pages"}],"about":[{"href":"https:\/\/healthnetcr.com\/es\/wp-json\/wp\/v2\/types\/page"}],"author":[{"embeddable":true,"href":"https:\/\/healthnetcr.com\/es\/wp-json\/wp\/v2\/users\/4"}],"replies":[{"embeddable":true,"href":"https:\/\/healthnetcr.com\/es\/wp-json\/wp\/v2\/comments?post=10"}],"version-history":[{"count":344,"href":"https:\/\/healthnetcr.com\/es\/wp-json\/wp\/v2\/pages\/10\/revisions"}],"predecessor-version":[{"id":554,"href":"https:\/\/healthnetcr.com\/es\/wp-json\/wp\/v2\/pages\/10\/revisions\/554"}],"wp:attachment":[{"href":"https:\/\/healthnetcr.com\/es\/wp-json\/wp\/v2\/media?parent=10"}],"curies":[{"name":"wp","href":"https:\/\/api.w.org\/{rel}","templated":true}]}}